{"id":2,"date":"2024-04-22T16:35:06","date_gmt":"2024-04-22T14:35:06","guid":{"rendered":"https:\/\/transports-richou.fr\/?page_id=2"},"modified":"2024-04-23T15:28:42","modified_gmt":"2024-04-23T13:28:42","slug":"page-d-exemple","status":"publish","type":"page","link":"https:\/\/transports-richou.fr\/it\/","title":{"rendered":"La societa"},"content":{"rendered":"<p><\/p>\n<h1>Transport Richou<\/h1>\n<h2>Il tuo Partner Affidabile per il Trasporto Merci nel Sud-Ovest, Sud-Est della Francia e in Italia<\/h2>\n<p>Un&#8217;azienda a conduzione familiare creata nel 1988 da mio padre, siamo idealmente situati tra Bordeaux e Tolosa nella citt\u00e0 di Brax (Lot et Garonne) a 2 km dall&#8217;uscita dell&#8217;autostrada.<br \/>\nSpecializzata nel trasporto di merce generali tra il Sud Ovest e il Sud Est della Francia ma pi\u00f9 in particolare verso l&#8217;Italia. Offriamo tutte le soluzioni che un&#8217;azienda di trasporti deve offrire: carichi parziali e completi, soluzioni di charter, passaggio attraverso le nostre banchine con strutture di stoccaggio. Disponiamo di una flotta di 13 set bilici, un autotreno dotati di sponda e due furgoni per le consegne locali.<\/p>","protected":false},"excerpt":{"rendered":"<p>Transport Richou Il tuo Partner Affidabile per il Trasporto Merci nel Sud-Ovest, Sud-Est della Francia e in Italia Un&#8217;azienda a conduzione familiare creata nel 1988 da mio padre, siamo idealmente situati tra Bordeaux e Tolosa nella citt\u00e0 di Brax (Lot et Garonne) a 2 km dall&#8217;uscita dell&#8217;autostrada. Specializzata nel trasporto di merce generali tra il &hellip; <\/p>\n<p class=\"link-more\"><a href=\"https:\/\/transports-richou.fr\/it\/\" class=\"more-link\">Continue reading<span class=\"screen-reader-text\"> &#8220;La societa&#8221;<\/span><\/a><\/p>\n","protected":false},"author":1,"featured_media":0,"parent":0,"menu_order":0,"comment_status":"closed","ping_status":"open","template":"","meta":{"footnotes":""},"class_list":["post-2","page","type-page","status-publish","hentry"],"yoast_head":"<!-- This site is optimized with the Yoast SEO Premium plugin v22.4 (Yoast SEO v27.6) - https:\/\/yoast.com\/product\/yoast-seo-premium-wordpress\/ -->\n<title>Transport de marchandise Sud-Ouest - Transport Richou<\/title>\n<meta name=\"description\" content=\"Transport Richou, une entreprise sp\u00e9cialis\u00e9e dans le transport de marchandise, est fi\u00e8re de desservir les r\u00e9gions du Sud-Ouest...\" \/>\n<meta name=\"robots\" content=\"index, follow, max-snippet:-1, max-image-preview:large, max-video-preview:-1\" \/>\n<link rel=\"canonical\" href=\"https:\/\/transports-richou.fr\/it\/\" \/>\n<meta property=\"og:locale\" content=\"it_IT\" \/>\n<meta property=\"og:type\" content=\"article\" \/>\n<meta property=\"og:title\" content=\"Transport de marchandise Sud-Ouest - Transport Richou\" \/>\n<meta property=\"og:description\" content=\"Transport Richou, une entreprise sp\u00e9cialis\u00e9e dans le transport de marchandise, est fi\u00e8re de desservir les r\u00e9gions du Sud-Ouest...\" \/>\n<meta property=\"og:url\" content=\"https:\/\/transports-richou.fr\/\" \/>\n<meta property=\"og:site_name\" content=\"Transport de marchandise Sud-Ouest - Transport de marchandise Sud-Est - Transport Richou\" \/>\n<meta property=\"article:modified_time\" content=\"2024-04-23T13:28:42+00:00\" \/>\n<meta property=\"og:image\" content=\"https:\/\/www.groupegedone.com\/wp-content\/themes\/groupege\/images\/invisible.png\" \/>\n<meta name=\"twitter:card\" content=\"summary_large_image\" \/>\n<meta name=\"twitter:label1\" content=\"Tempo di lettura stimato\" \/>\n\t<meta name=\"twitter:data1\" content=\"4 minuti\" \/>\n<script type=\"application\/ld+json\" class=\"yoast-schema-graph\">{\"@context\":\"https:\\\/\\\/schema.org\",\"@graph\":[{\"@type\":\"WebPage\",\"@id\":\"https:\\\/\\\/transports-richou.fr\\\/\",\"url\":\"https:\\\/\\\/transports-richou.fr\\\/\",\"name\":\"Transport de marchandise Sud-Ouest - Transport Richou\",\"isPartOf\":{\"@id\":\"https:\\\/\\\/transports-richou.fr\\\/#website\"},\"primaryImageOfPage\":{\"@id\":\"https:\\\/\\\/transports-richou.fr\\\/#primaryimage\"},\"image\":{\"@id\":\"https:\\\/\\\/transports-richou.fr\\\/#primaryimage\"},\"thumbnailUrl\":\"https:\\\/\\\/www.groupegedone.com\\\/wp-content\\\/themes\\\/groupege\\\/images\\\/invisible.png\",\"datePublished\":\"2024-04-22T14:35:06+00:00\",\"dateModified\":\"2024-04-23T13:28:42+00:00\",\"description\":\"Transport Richou, une entreprise sp\u00e9cialis\u00e9e dans le transport de marchandise, est fi\u00e8re de desservir les r\u00e9gions du Sud-Ouest...\",\"inLanguage\":\"it-IT\",\"potentialAction\":[{\"@type\":\"ReadAction\",\"target\":[\"https:\\\/\\\/transports-richou.fr\\\/\"]}]},{\"@type\":\"ImageObject\",\"inLanguage\":\"it-IT\",\"@id\":\"https:\\\/\\\/transports-richou.fr\\\/#primaryimage\",\"url\":\"https:\\\/\\\/www.groupegedone.com\\\/wp-content\\\/themes\\\/groupege\\\/images\\\/invisible.png\",\"contentUrl\":\"https:\\\/\\\/www.groupegedone.com\\\/wp-content\\\/themes\\\/groupege\\\/images\\\/invisible.png\"},{\"@type\":\"WebSite\",\"@id\":\"https:\\\/\\\/transports-richou.fr\\\/#website\",\"url\":\"https:\\\/\\\/transports-richou.fr\\\/\",\"name\":\"Transport de marchandise Sud-Ouest - Transport de marchandise Sud-Est - Transport Richou\",\"description\":\"Transport de marchandise Sud-Ouest - Transport de marchandise Sud-Est - Transport Richou\",\"publisher\":{\"@id\":\"https:\\\/\\\/transports-richou.fr\\\/#organization\"},\"potentialAction\":[{\"@type\":\"SearchAction\",\"target\":{\"@type\":\"EntryPoint\",\"urlTemplate\":\"https:\\\/\\\/transports-richou.fr\\\/?s={search_term_string}\"},\"query-input\":{\"@type\":\"PropertyValueSpecification\",\"valueRequired\":true,\"valueName\":\"search_term_string\"}}],\"inLanguage\":\"it-IT\"},{\"@type\":\"Organization\",\"@id\":\"https:\\\/\\\/transports-richou.fr\\\/#organization\",\"name\":\"Transport de marchandise Sud-Ouest - Transport de marchandise Sud-Est - Transport Richou\",\"url\":\"https:\\\/\\\/transports-richou.fr\\\/\",\"logo\":{\"@type\":\"ImageObject\",\"inLanguage\":\"it-IT\",\"@id\":\"https:\\\/\\\/transports-richou.fr\\\/#\\\/schema\\\/logo\\\/image\\\/\",\"url\":\"https:\\\/\\\/transports-richou.fr\\\/wp-content\\\/uploads\\\/transport-richou-logo-footer.png\",\"contentUrl\":\"https:\\\/\\\/transports-richou.fr\\\/wp-content\\\/uploads\\\/transport-richou-logo-footer.png\",\"width\":379,\"height\":79,\"caption\":\"Transport de marchandise Sud-Ouest - Transport de marchandise Sud-Est - Transport Richou\"},\"image\":{\"@id\":\"https:\\\/\\\/transports-richou.fr\\\/#\\\/schema\\\/logo\\\/image\\\/\"}}]}<\/script>\n<!-- \/ Yoast SEO Premium plugin. -->","yoast_head_json":{"title":"Transport de marchandise Sud-Ouest - Transport Richou","description":"Transport Richou, une entreprise sp\u00e9cialis\u00e9e dans le transport de marchandise, est fi\u00e8re de desservir les r\u00e9gions du Sud-Ouest...","robots":{"index":"index","follow":"follow","max-snippet":"max-snippet:-1","max-image-preview":"max-image-preview:large","max-video-preview":"max-video-preview:-1"},"canonical":"https:\/\/transports-richou.fr\/it\/","og_locale":"it_IT","og_type":"article","og_title":"Transport de marchandise Sud-Ouest - Transport Richou","og_description":"Transport Richou, une entreprise sp\u00e9cialis\u00e9e dans le transport de marchandise, est fi\u00e8re de desservir les r\u00e9gions du Sud-Ouest...","og_url":"https:\/\/transports-richou.fr\/","og_site_name":"Transport de marchandise Sud-Ouest - Transport de marchandise Sud-Est - Transport Richou","article_modified_time":"2024-04-23T13:28:42+00:00","og_image":[{"url":"https:\/\/www.groupegedone.com\/wp-content\/themes\/groupege\/images\/invisible.png","type":"","width":"","height":""}],"twitter_card":"summary_large_image","twitter_misc":{"Tempo di lettura stimato":"4 minuti"},"schema":{"@context":"https:\/\/schema.org","@graph":[{"@type":"WebPage","@id":"https:\/\/transports-richou.fr\/","url":"https:\/\/transports-richou.fr\/","name":"Transport de marchandise Sud-Ouest - Transport Richou","isPartOf":{"@id":"https:\/\/transports-richou.fr\/#website"},"primaryImageOfPage":{"@id":"https:\/\/transports-richou.fr\/#primaryimage"},"image":{"@id":"https:\/\/transports-richou.fr\/#primaryimage"},"thumbnailUrl":"https:\/\/www.groupegedone.com\/wp-content\/themes\/groupege\/images\/invisible.png","datePublished":"2024-04-22T14:35:06+00:00","dateModified":"2024-04-23T13:28:42+00:00","description":"Transport Richou, une entreprise sp\u00e9cialis\u00e9e dans le transport de marchandise, est fi\u00e8re de desservir les r\u00e9gions du Sud-Ouest...","inLanguage":"it-IT","potentialAction":[{"@type":"ReadAction","target":["https:\/\/transports-richou.fr\/"]}]},{"@type":"ImageObject","inLanguage":"it-IT","@id":"https:\/\/transports-richou.fr\/#primaryimage","url":"https:\/\/www.groupegedone.com\/wp-content\/themes\/groupege\/images\/invisible.png","contentUrl":"https:\/\/www.groupegedone.com\/wp-content\/themes\/groupege\/images\/invisible.png"},{"@type":"WebSite","@id":"https:\/\/transports-richou.fr\/#website","url":"https:\/\/transports-richou.fr\/","name":"Transport de marchandise Sud-Ouest - Transport de marchandise Sud-Est - Transport Richou","description":"Transport de marchandise Sud-Ouest - Transport de marchandise Sud-Est - Transport Richou","publisher":{"@id":"https:\/\/transports-richou.fr\/#organization"},"potentialAction":[{"@type":"SearchAction","target":{"@type":"EntryPoint","urlTemplate":"https:\/\/transports-richou.fr\/?s={search_term_string}"},"query-input":{"@type":"PropertyValueSpecification","valueRequired":true,"valueName":"search_term_string"}}],"inLanguage":"it-IT"},{"@type":"Organization","@id":"https:\/\/transports-richou.fr\/#organization","name":"Transport de marchandise Sud-Ouest - Transport de marchandise Sud-Est - Transport Richou","url":"https:\/\/transports-richou.fr\/","logo":{"@type":"ImageObject","inLanguage":"it-IT","@id":"https:\/\/transports-richou.fr\/#\/schema\/logo\/image\/","url":"https:\/\/transports-richou.fr\/wp-content\/uploads\/transport-richou-logo-footer.png","contentUrl":"https:\/\/transports-richou.fr\/wp-content\/uploads\/transport-richou-logo-footer.png","width":379,"height":79,"caption":"Transport de marchandise Sud-Ouest - Transport de marchandise Sud-Est - Transport Richou"},"image":{"@id":"https:\/\/transports-richou.fr\/#\/schema\/logo\/image\/"}}]}},"_links":{"self":[{"href":"https:\/\/transports-richou.fr\/it\/wp-json\/wp\/v2\/pages\/2","targetHints":{"allow":["GET"]}}],"collection":[{"href":"https:\/\/transports-richou.fr\/it\/wp-json\/wp\/v2\/pages"}],"about":[{"href":"https:\/\/transports-richou.fr\/it\/wp-json\/wp\/v2\/types\/page"}],"author":[{"embeddable":true,"href":"https:\/\/transports-richou.fr\/it\/wp-json\/wp\/v2\/users\/1"}],"replies":[{"embeddable":true,"href":"https:\/\/transports-richou.fr\/it\/wp-json\/wp\/v2\/comments?post=2"}],"version-history":[{"count":11,"href":"https:\/\/transports-richou.fr\/it\/wp-json\/wp\/v2\/pages\/2\/revisions"}],"predecessor-version":[{"id":79,"href":"https:\/\/transports-richou.fr\/it\/wp-json\/wp\/v2\/pages\/2\/revisions\/79"}],"wp:attachment":[{"href":"https:\/\/transports-richou.fr\/it\/wp-json\/wp\/v2\/media?parent=2"}],"curies":[{"name":"wp","href":"https:\/\/api.w.org\/{rel}","templated":true}]}}